{"id":2,"date":"2021-09-10T08:47:11","date_gmt":"2021-09-10T13:47:11","guid":{"rendered":"https:\/\/www.agloss.es\/?page_id=2"},"modified":"2021-09-17T11:58:26","modified_gmt":"2021-09-17T16:58:26","slug":"training","status":"publish","type":"page","link":"https:\/\/aglossgroup.com\/en\/training\/","title":{"rendered":"Training"},"content":{"rendered":"<p>This is a sample page. It is different from a blog post because it will stay in one place and appear in your site's navigation (in most themes). Most people start with an \u00abAbout\u00bb page to introduce themselves to potential site visitors. You might say something like:<\/p>\n\n\n\n<blockquote class=\"wp-block-quote is-layout-flow wp-block-quote-is-layout-flow\"><p>Welcome! I work as a waiter by day, aspiring actor by night, and this is my website. I live in Mairena del Alcor, I have a dog named Firulais, and I enjoy rebujito. (And long afternoons with coffee).<\/p><\/blockquote>\n\n\n\n<p>\u2026or something like:<\/p>\n\n\n\n<blockquote class=\"wp-block-quote is-layout-flow wp-block-quote-is-layout-flow\"><p>The company \u00abMariscos Recio\u00bb was founded by Antonio Recio Mata. It began as a small business supplying seafood to hotels and restaurants, but gradually has transformed into a large empire. Mariscos Recio, the sea at the best price.<\/p><\/blockquote>\n\n\n\n<p>As a new WordPress user, you should go to <a href=\"https:\/\/aglossgroup.com\/wp-admin\/\">your dashboard<\/a> to delete this page and create new pages for your content. Have fun!<\/p>","protected":false},"excerpt":{"rendered":"<p>Esta es una p\u00e1gina de ejemplo. Es diferente a una entrada del blog porque permanecer\u00e1 en un solo lugar y aparecer\u00e1 en la navegaci\u00f3n de tu sitio (en la mayor\u00eda de los temas). La mayor\u00eda de las personas comienzan con una p\u00e1gina \u00abAcerca de\u00bb que les presenta a los visitantes potenciales del sitio. Podr\u00edas decir [&hellip;]<\/p>\n","protected":false},"author":1,"featured_media":0,"parent":0,"menu_order":0,"comment_status":"closed","ping_status":"closed","template":"","meta":{"footnotes":""},"class_list":["post-2","page","type-page","status-publish","hentry"],"_links":{"self":[{"href":"https:\/\/aglossgroup.com\/en\/wp-json\/wp\/v2\/pages\/2","targetHints":{"allow":["GET"]}}],"collection":[{"href":"https:\/\/aglossgroup.com\/en\/wp-json\/wp\/v2\/pages"}],"about":[{"href":"https:\/\/aglossgroup.com\/en\/wp-json\/wp\/v2\/types\/page"}],"author":[{"embeddable":true,"href":"https:\/\/aglossgroup.com\/en\/wp-json\/wp\/v2\/users\/1"}],"replies":[{"embeddable":true,"href":"https:\/\/aglossgroup.com\/en\/wp-json\/wp\/v2\/comments?post=2"}],"version-history":[{"count":3,"href":"https:\/\/aglossgroup.com\/en\/wp-json\/wp\/v2\/pages\/2\/revisions"}],"predecessor-version":[{"id":223,"href":"https:\/\/aglossgroup.com\/en\/wp-json\/wp\/v2\/pages\/2\/revisions\/223"}],"wp:attachment":[{"href":"https:\/\/aglossgroup.com\/en\/wp-json\/wp\/v2\/media?parent=2"}],"curies":[{"name":"wp","href":"https:\/\/api.w.org\/{rel}","templated":true}]}}