{"id":52,"date":"2021-09-15T08:39:48","date_gmt":"2021-09-15T13:39:48","guid":{"rendered":"https:\/\/www.agloss.es\/?page_id=52"},"modified":"2024-01-19T04:00:44","modified_gmt":"2024-01-19T03:00:44","slug":"us","status":"publish","type":"page","link":"https:\/\/aglossgroup.com\/en\/us\/","title":{"rendered":"About Us"},"content":{"rendered":"<div data-elementor-type=\"wp-page\" data-elementor-id=\"52\" class=\"elementor elementor-52\" data-elementor-post-type=\"page\">\n\t\t\t\t\t\t<section class=\"elementor-section elementor-top-section elementor-element elementor-element-305fef0 elementor-section-full_width elementor-section-height-default elementor-section-height-default\" data-id=\"305fef0\" data-element_type=\"section\" data-e-type=\"section\">\n\t\t\t\t\t\t<div class=\"elementor-container elementor-column-gap-no\">\n\t\t\t\t\t<div class=\"elementor-column elementor-col-100 elementor-top-column elementor-element elementor-element-f2f5fcb\" data-id=\"f2f5fcb\" data-element_type=\"column\" data-e-type=\"column\">\n\t\t\t<div class=\"elementor-widget-wrap elementor-element-populated\">\n\t\t\t\t\t\t<div class=\"elementor-element elementor-element-1809f3b elementor--h-position-left elementor--v-position-middle elementor-arrows-position-inside elementor-pagination-position-inside elementor-widget elementor-widget-slides\" data-id=\"1809f3b\" data-element_type=\"widget\" data-e-type=\"widget\" data-settings=\"{&quot;navigation&quot;:&quot;both&quot;,&quot;autoplay&quot;:&quot;yes&quot;,&quot;pause_on_hover&quot;:&quot;yes&quot;,&quot;pause_on_interaction&quot;:&quot;yes&quot;,&quot;autoplay_speed&quot;:5000,&quot;infinite&quot;:&quot;yes&quot;,&quot;transition&quot;:&quot;slide&quot;,&quot;transition_speed&quot;:500}\" data-widget_type=\"slides.default\">\n\t\t\t\t<div class=\"elementor-widget-container\">\n\t\t\t\t\t\t\t\t\t<div class=\"elementor-swiper\">\n\t\t\t\t\t<div class=\"elementor-slides-wrapper elementor-main-swiper swiper\" role=\"region\" aria-roledescription=\"carousel\" aria-label=\"Slides\" dir=\"ltr\" data-animation=\"fadeInUp\">\n\t\t\t\t<div class=\"swiper-wrapper elementor-slides\">\n\t\t\t\t\t\t\t\t\t\t<div class=\"elementor-repeater-item-1743f36 swiper-slide\" role=\"group\" aria-roledescription=\"slide\"><div class=\"swiper-slide-bg\" role=\"img\"><\/div><div class=\"elementor-background-overlay\"><\/div><div class=\"swiper-slide-inner\" ><div class=\"swiper-slide-contents\"><div class=\"elementor-slide-heading\">ABOUT US<\/div><\/div><\/div><\/div>\t\t\t\t<\/div>\n\t\t\t\t\t\t\t<\/div>\n\t\t\t\t<\/div>\n\t\t\t\t\t\t\t\t<\/div>\n\t\t\t\t<\/div>\n\t\t\t\t\t<\/div>\n\t\t<\/div>\n\t\t\t\t\t<\/div>\n\t\t<\/section>\n\t\t\t\t<section class=\"elementor-section elementor-top-section elementor-element elementor-element-21d63f7 elementor-section-full_width elementor-section-height-default elementor-section-height-default\" data-id=\"21d63f7\" data-element_type=\"section\" data-e-type=\"section\">\n\t\t\t\t\t\t<div class=\"elementor-container elementor-column-gap-default\">\n\t\t\t\t\t<div class=\"elementor-column elementor-col-33 elementor-top-column elementor-element elementor-element-8d43957\" data-id=\"8d43957\" data-element_type=\"column\" data-e-type=\"column\">\n\t\t\t<div class=\"elementor-widget-wrap\">\n\t\t\t\t\t\t\t<\/div>\n\t\t<\/div>\n\t\t\t\t<div class=\"elementor-column elementor-col-33 elementor-top-column elementor-element elementor-element-e8a3828\" data-id=\"e8a3828\" data-element_type=\"column\" data-e-type=\"column\">\n\t\t\t<div class=\"elementor-widget-wrap elementor-element-populated\">\n\t\t\t\t\t\t<div class=\"elementor-element elementor-element-ae636ec elementor-widget elementor-widget-heading\" data-id=\"ae636ec\" data-element_type=\"widget\" data-e-type=\"widget\" data-widget_type=\"heading.default\">\n\t\t\t\t<div class=\"elementor-widget-container\">\n\t\t\t\t\t<h2 class=\"elementor-heading-title elementor-size-default\">OUR EXPERIENCE<\/h2>\t\t\t\t<\/div>\n\t\t\t\t<\/div>\n\t\t\t\t<div class=\"elementor-element elementor-element-76963f6 elementor-widget elementor-widget-heading\" data-id=\"76963f6\" data-element_type=\"widget\" data-e-type=\"widget\" data-widget_type=\"heading.default\">\n\t\t\t\t<div class=\"elementor-widget-container\">\n\t\t\t\t\t<h2 class=\"elementor-heading-title elementor-size-default\">AND EXPERTISE<\/h2>\t\t\t\t<\/div>\n\t\t\t\t<\/div>\n\t\t\t\t\t<\/div>\n\t\t<\/div>\n\t\t\t\t<div class=\"elementor-column elementor-col-33 elementor-top-column elementor-element elementor-element-8edd7fd\" data-id=\"8edd7fd\" data-element_type=\"column\" data-e-type=\"column\">\n\t\t\t<div class=\"elementor-widget-wrap\">\n\t\t\t\t\t\t\t<\/div>\n\t\t<\/div>\n\t\t\t\t\t<\/div>\n\t\t<\/section>\n\t\t\t\t<section class=\"elementor-section elementor-top-section elementor-element elementor-element-bc9fbfe elementor-section-full_width elementor-section-height-default elementor-section-height-default\" data-id=\"bc9fbfe\" data-element_type=\"section\" data-e-type=\"section\">\n\t\t\t\t\t\t<div class=\"elementor-container elementor-column-gap-default\">\n\t\t\t\t\t<div class=\"elementor-column elementor-col-25 elementor-top-column elementor-element elementor-element-f19d609\" data-id=\"f19d609\" data-element_type=\"column\" data-e-type=\"column\">\n\t\t\t<div class=\"elementor-widget-wrap\">\n\t\t\t\t\t\t\t<\/div>\n\t\t<\/div>\n\t\t\t\t<div class=\"elementor-column elementor-col-25 elementor-top-column elementor-element elementor-element-89c52f8\" data-id=\"89c52f8\" data-element_type=\"column\" data-e-type=\"column\">\n\t\t\t<div class=\"elementor-widget-wrap elementor-element-populated\">\n\t\t\t\t\t\t<div class=\"elementor-element elementor-element-102b8a1 elementor-widget elementor-widget-text-editor\" data-id=\"102b8a1\" data-element_type=\"widget\" data-e-type=\"widget\" data-widget_type=\"text-editor.default\">\n\t\t\t\t<div class=\"elementor-widget-container\">\n\t\t\t\t\t\t\t\t\t<p><span style=\"font-weight: 400;\">Our experience and expertise focus on crisis resolution and risk management through the application of the latest and most advanced techniques in intelligence and counterintelligence, comprehensive security, and protection procedures. We develop ad hoc strategies for countries, companies, citizens, and other institutions, including advisory services, consulting, continuous support, in\u2011situ operations, equipment supply, protocol development, and training in a security culture consistent with contemporary challenges. We also provide education on all aspects of resolving high\u2011risk global conflicts, delivering and implementing comprehensive security strategies with presence in global crisis scenarios across multiple regions of the world.<\/span><\/p>\t\t\t\t\t\t\t\t<\/div>\n\t\t\t\t<\/div>\n\t\t\t\t\t<\/div>\n\t\t<\/div>\n\t\t\t\t<div class=\"elementor-column elementor-col-25 elementor-top-column elementor-element elementor-element-24d34cb\" data-id=\"24d34cb\" data-element_type=\"column\" data-e-type=\"column\">\n\t\t\t<div class=\"elementor-widget-wrap elementor-element-populated\">\n\t\t\t\t\t\t<div class=\"elementor-element elementor-element-40a839a elementor-widget elementor-widget-image\" data-id=\"40a839a\" data-element_type=\"widget\" data-e-type=\"widget\" data-widget_type=\"image.default\">\n\t\t\t\t<div class=\"elementor-widget-container\">\n\t\t\t\t\t\t\t\t\t\t\t\t\t\t\t<img fetchpriority=\"high\" decoding=\"async\" width=\"610\" height=\"380\" src=\"https:\/\/aglossgroup.com\/wp-content\/uploads\/2021\/09\/NOSOTROS_IMAGEN2.jpg\" class=\"attachment-full size-full wp-image-549\" alt=\"\" srcset=\"https:\/\/aglossgroup.com\/wp-content\/uploads\/2021\/09\/NOSOTROS_IMAGEN2.jpg 610w, https:\/\/aglossgroup.com\/wp-content\/uploads\/2021\/09\/NOSOTROS_IMAGEN2-300x187.jpg 300w\" sizes=\"(max-width: 610px) 100vw, 610px\" \/>\t\t\t\t\t\t\t\t\t\t\t\t\t\t\t<\/div>\n\t\t\t\t<\/div>\n\t\t\t\t\t<\/div>\n\t\t<\/div>\n\t\t\t\t<div class=\"elementor-column elementor-col-25 elementor-top-column elementor-element elementor-element-1d41196\" data-id=\"1d41196\" data-element_type=\"column\" data-e-type=\"column\">\n\t\t\t<div class=\"elementor-widget-wrap\">\n\t\t\t\t\t\t\t<\/div>\n\t\t<\/div>\n\t\t\t\t\t<\/div>\n\t\t<\/section>\n\t\t\t\t<section class=\"elementor-section elementor-top-section elementor-element elementor-element-056bdac elementor-section-full_width elementor-section-height-default elementor-section-height-default\" data-id=\"056bdac\" data-element_type=\"section\" data-e-type=\"section\">\n\t\t\t\t\t\t<div class=\"elementor-container elementor-column-gap-default\">\n\t\t\t\t\t<div class=\"elementor-column elementor-col-33 elementor-top-column elementor-element elementor-element-321ee3d\" data-id=\"321ee3d\" data-element_type=\"column\" data-e-type=\"column\">\n\t\t\t<div class=\"elementor-widget-wrap\">\n\t\t\t\t\t\t\t<\/div>\n\t\t<\/div>\n\t\t\t\t<div class=\"elementor-column elementor-col-33 elementor-top-column elementor-element elementor-element-f001018\" data-id=\"f001018\" data-element_type=\"column\" data-e-type=\"column\">\n\t\t\t<div class=\"elementor-widget-wrap elementor-element-populated\">\n\t\t\t\t\t\t<div class=\"elementor-element elementor-element-5fb13d2 elementor-widget elementor-widget-text-editor\" data-id=\"5fb13d2\" data-element_type=\"widget\" data-e-type=\"widget\" data-widget_type=\"text-editor.default\">\n\t\t\t\t<div class=\"elementor-widget-container\">\n\t\t\t\t\t\t\t\t\t<p><span style=\"font-weight: 400;\">With extensive and recognized international experience, our scope of action includes all the components that comprise Security, Intelligence and Defense, both in the rapid, intelligent and effective resolution of severe crises accompanied, where necessary, by in situ operations (<\/span><i><span style=\"font-weight: 400;\">ground troops<\/span><\/i><span style=\"font-weight: 400;\">) focused on the rapid and effective resolution of national, international and regional conflicts, developing and executing proactive defense and threat\u2011response strategies and anticipating the present and future needs of our global clients in a proactive, reactive, efficient, professional, responsible manner and grounded in a high level of specialization in each discipline.<\/span><\/p><p><br \/><span style=\"font-weight: 400;\">Our organization is an active member of various institutions specialized in Security and Defense, among which we can cite the following:<\/span><span style=\"font-weight: 400;\"><br \/><\/span><\/p>\t\t\t\t\t\t\t\t<\/div>\n\t\t\t\t<\/div>\n\t\t\t\t\t<\/div>\n\t\t<\/div>\n\t\t\t\t<div class=\"elementor-column elementor-col-33 elementor-top-column elementor-element elementor-element-3e5579f\" data-id=\"3e5579f\" data-element_type=\"column\" data-e-type=\"column\">\n\t\t\t<div class=\"elementor-widget-wrap\">\n\t\t\t\t\t\t\t<\/div>\n\t\t<\/div>\n\t\t\t\t\t<\/div>\n\t\t<\/section>\n\t\t\t\t<section class=\"elementor-section elementor-top-section elementor-element elementor-element-0aa3907 elementor-section-content-top elementor-section-boxed elementor-section-height-default elementor-section-height-default\" data-id=\"0aa3907\" data-element_type=\"section\" data-e-type=\"section\">\n\t\t\t\t\t\t<div class=\"elementor-container elementor-column-gap-default\">\n\t\t\t\t\t<div class=\"elementor-column elementor-col-16 elementor-top-column elementor-element elementor-element-07b3971\" data-id=\"07b3971\" data-element_type=\"column\" data-e-type=\"column\">\n\t\t\t<div class=\"elementor-widget-wrap elementor-element-populated\">\n\t\t\t\t\t\t<div class=\"elementor-element elementor-element-e9731af elementor-position-top elementor-widget elementor-widget-image-box\" data-id=\"e9731af\" data-element_type=\"widget\" data-e-type=\"widget\" data-widget_type=\"image-box.default\">\n\t\t\t\t<div class=\"elementor-widget-container\">\n\t\t\t\t\t<div class=\"elementor-image-box-wrapper\"><figure class=\"elementor-image-box-img\"><img decoding=\"async\" width=\"323\" height=\"156\" src=\"https:\/\/aglossgroup.com\/wp-content\/uploads\/2021\/09\/Logo-Global-Risk.png\" class=\"attachment-full size-full wp-image-154\" alt=\"\" srcset=\"https:\/\/aglossgroup.com\/wp-content\/uploads\/2021\/09\/Logo-Global-Risk.png 323w, https:\/\/aglossgroup.com\/wp-content\/uploads\/2021\/09\/Logo-Global-Risk-300x145.png 300w\" sizes=\"(max-width: 323px) 100vw, 323px\" \/><\/figure><div class=\"elementor-image-box-content\"><h3 class=\"elementor-image-box-title\">Global Risk <br> International<\/h3><\/div><\/div>\t\t\t\t<\/div>\n\t\t\t\t<\/div>\n\t\t\t\t\t<\/div>\n\t\t<\/div>\n\t\t\t\t<div class=\"elementor-column elementor-col-16 elementor-top-column elementor-element elementor-element-8cb7030\" data-id=\"8cb7030\" data-element_type=\"column\" data-e-type=\"column\">\n\t\t\t<div class=\"elementor-widget-wrap elementor-element-populated\">\n\t\t\t\t\t\t<div class=\"elementor-element elementor-element-c69d383 elementor-position-top elementor-widget elementor-widget-image-box\" data-id=\"c69d383\" data-element_type=\"widget\" data-e-type=\"widget\" data-widget_type=\"image-box.default\">\n\t\t\t\t<div class=\"elementor-widget-container\">\n\t\t\t\t\t<div class=\"elementor-image-box-wrapper\"><figure class=\"elementor-image-box-img\"><img decoding=\"async\" width=\"1500\" height=\"500\" src=\"https:\/\/aglossgroup.com\/wp-content\/uploads\/2021\/09\/logo-oiscot.jpeg\" class=\"attachment-full size-full wp-image-155\" alt=\"\" srcset=\"https:\/\/aglossgroup.com\/wp-content\/uploads\/2021\/09\/logo-oiscot.jpeg 1500w, https:\/\/aglossgroup.com\/wp-content\/uploads\/2021\/09\/logo-oiscot-300x100.jpeg 300w, https:\/\/aglossgroup.com\/wp-content\/uploads\/2021\/09\/logo-oiscot-1024x341.jpeg 1024w, https:\/\/aglossgroup.com\/wp-content\/uploads\/2021\/09\/logo-oiscot-768x256.jpeg 768w, https:\/\/aglossgroup.com\/wp-content\/uploads\/2021\/09\/logo-oiscot-1200x400.jpeg 1200w\" sizes=\"(max-width: 1500px) 100vw, 1500px\" \/><\/figure><div class=\"elementor-image-box-content\"><h3 class=\"elementor-image-box-title\">OISCOT: Observatory <br> International <br> of Security, <br>Organized Crime <br> and Terrorism<\/h3><\/div><\/div>\t\t\t\t<\/div>\n\t\t\t\t<\/div>\n\t\t\t\t\t<\/div>\n\t\t<\/div>\n\t\t\t\t<div class=\"elementor-column elementor-col-16 elementor-top-column elementor-element elementor-element-f2ab3bd\" data-id=\"f2ab3bd\" data-element_type=\"column\" data-e-type=\"column\">\n\t\t\t<div class=\"elementor-widget-wrap elementor-element-populated\">\n\t\t\t\t\t\t<div class=\"elementor-element elementor-element-d46b555 elementor-position-top elementor-widget elementor-widget-image-box\" data-id=\"d46b555\" data-element_type=\"widget\" data-e-type=\"widget\" data-widget_type=\"image-box.default\">\n\t\t\t\t<div class=\"elementor-widget-container\">\n\t\t\t\t\t<div class=\"elementor-image-box-wrapper\"><figure class=\"elementor-image-box-img\"><img loading=\"lazy\" decoding=\"async\" width=\"710\" height=\"410\" src=\"https:\/\/aglossgroup.com\/wp-content\/uploads\/2021\/11\/RAN-LOGO-3.png\" class=\"attachment-full size-full wp-image-589\" alt=\"\" srcset=\"https:\/\/aglossgroup.com\/wp-content\/uploads\/2021\/11\/RAN-LOGO-3.png 710w, https:\/\/aglossgroup.com\/wp-content\/uploads\/2021\/11\/RAN-LOGO-3-300x173.png 300w\" sizes=\"(max-width: 710px) 100vw, 710px\" \/><\/figure><div class=\"elementor-image-box-content\"><h3 class=\"elementor-image-box-title\">RAN<\/h3><\/div><\/div>\t\t\t\t<\/div>\n\t\t\t\t<\/div>\n\t\t\t\t\t<\/div>\n\t\t<\/div>\n\t\t\t\t<div class=\"elementor-column elementor-col-16 elementor-top-column elementor-element elementor-element-d974e9d\" data-id=\"d974e9d\" data-element_type=\"column\" data-e-type=\"column\">\n\t\t\t<div class=\"elementor-widget-wrap elementor-element-populated\">\n\t\t\t\t\t\t<div class=\"elementor-element elementor-element-4c75e03 elementor-position-top elementor-widget elementor-widget-image-box\" data-id=\"4c75e03\" data-element_type=\"widget\" data-e-type=\"widget\" data-widget_type=\"image-box.default\">\n\t\t\t\t<div class=\"elementor-widget-container\">\n\t\t\t\t\t<div class=\"elementor-image-box-wrapper\"><figure class=\"elementor-image-box-img\"><img loading=\"lazy\" decoding=\"async\" width=\"500\" height=\"148\" src=\"https:\/\/aglossgroup.com\/wp-content\/uploads\/2021\/09\/logo-unitar.png\" class=\"attachment-full size-full wp-image-157\" alt=\"\" srcset=\"https:\/\/aglossgroup.com\/wp-content\/uploads\/2021\/09\/logo-unitar.png 500w, https:\/\/aglossgroup.com\/wp-content\/uploads\/2021\/09\/logo-unitar-300x89.png 300w\" sizes=\"(max-width: 500px) 100vw, 500px\" \/><\/figure><div class=\"elementor-image-box-content\"><h3 class=\"elementor-image-box-title\">UNITAR Platform <br>  (United Nations   <br>for Training  <br> &amp; Research)<\/h3><\/div><\/div>\t\t\t\t<\/div>\n\t\t\t\t<\/div>\n\t\t\t\t\t<\/div>\n\t\t<\/div>\n\t\t\t\t<div class=\"elementor-column elementor-col-16 elementor-top-column elementor-element elementor-element-cdc58e1\" data-id=\"cdc58e1\" data-element_type=\"column\" data-e-type=\"column\">\n\t\t\t<div class=\"elementor-widget-wrap elementor-element-populated\">\n\t\t\t\t\t\t<div class=\"elementor-element elementor-element-76ddfab elementor-position-top elementor-widget elementor-widget-image-box\" data-id=\"76ddfab\" data-element_type=\"widget\" data-e-type=\"widget\" data-widget_type=\"image-box.default\">\n\t\t\t\t<div class=\"elementor-widget-container\">\n\t\t\t\t\t<div class=\"elementor-image-box-wrapper\"><figure class=\"elementor-image-box-img\"><img loading=\"lazy\" decoding=\"async\" width=\"320\" height=\"60\" src=\"https:\/\/aglossgroup.com\/wp-content\/uploads\/2021\/09\/logo-UEMC.png\" class=\"attachment-full size-full wp-image-158\" alt=\"\" srcset=\"https:\/\/aglossgroup.com\/wp-content\/uploads\/2021\/09\/logo-UEMC.png 320w, https:\/\/aglossgroup.com\/wp-content\/uploads\/2021\/09\/logo-UEMC-300x56.png 300w\" sizes=\"(max-width: 320px) 100vw, 320px\" \/><\/figure><div class=\"elementor-image-box-content\"><h3 class=\"elementor-image-box-title\">European University <br> Miguel of Cervantes<\/h3><\/div><\/div>\t\t\t\t<\/div>\n\t\t\t\t<\/div>\n\t\t\t\t\t<\/div>\n\t\t<\/div>\n\t\t\t\t<div class=\"elementor-column elementor-col-16 elementor-top-column elementor-element elementor-element-f83306e\" data-id=\"f83306e\" data-element_type=\"column\" data-e-type=\"column\">\n\t\t\t<div class=\"elementor-widget-wrap elementor-element-populated\">\n\t\t\t\t\t\t<div class=\"elementor-element elementor-element-fda3f06 elementor-position-top elementor-widget elementor-widget-image-box\" data-id=\"fda3f06\" data-element_type=\"widget\" data-e-type=\"widget\" data-widget_type=\"image-box.default\">\n\t\t\t\t<div class=\"elementor-widget-container\">\n\t\t\t\t\t<div class=\"elementor-image-box-wrapper\"><figure class=\"elementor-image-box-img\"><img loading=\"lazy\" decoding=\"async\" width=\"435\" height=\"435\" src=\"https:\/\/aglossgroup.com\/wp-content\/uploads\/2021\/09\/logoAUGP.jpg\" class=\"attachment-full size-full wp-image-159\" alt=\"\" srcset=\"https:\/\/aglossgroup.com\/wp-content\/uploads\/2021\/09\/logoAUGP.jpg 435w, https:\/\/aglossgroup.com\/wp-content\/uploads\/2021\/09\/logoAUGP-300x300.jpg 300w, https:\/\/aglossgroup.com\/wp-content\/uploads\/2021\/09\/logoAUGP-150x150.jpg 150w\" sizes=\"(max-width: 435px) 100vw, 435px\" \/><\/figure><div class=\"elementor-image-box-content\"><h3 class=\"elementor-image-box-title\">Global University <br> Peace USA<\/h3><\/div><\/div>\t\t\t\t<\/div>\n\t\t\t\t<\/div>\n\t\t\t\t\t<\/div>\n\t\t<\/div>\n\t\t\t\t\t<\/div>\n\t\t<\/section>\n\t\t\t\t<section class=\"elementor-section elementor-top-section elementor-element elementor-element-8d88e9b elementor-section-full_width elementor-section-height-default elementor-section-height-default\" data-id=\"8d88e9b\" data-element_type=\"section\" data-e-type=\"section\">\n\t\t\t\t\t\t<div class=\"elementor-container elementor-column-gap-default\">\n\t\t\t\t\t<div class=\"elementor-column elementor-col-33 elementor-top-column elementor-element elementor-element-f29372e\" data-id=\"f29372e\" data-element_type=\"column\" data-e-type=\"column\">\n\t\t\t<div class=\"elementor-widget-wrap\">\n\t\t\t\t\t\t\t<\/div>\n\t\t<\/div>\n\t\t\t\t<div class=\"elementor-column elementor-col-33 elementor-top-column elementor-element elementor-element-c6d8b29\" data-id=\"c6d8b29\" data-element_type=\"column\" data-e-type=\"column\">\n\t\t\t<div class=\"elementor-widget-wrap elementor-element-populated\">\n\t\t\t\t\t\t<div class=\"elementor-element elementor-element-b04d83c elementor-widget elementor-widget-text-editor\" data-id=\"b04d83c\" data-element_type=\"widget\" data-e-type=\"widget\" data-widget_type=\"text-editor.default\">\n\t\t\t\t<div class=\"elementor-widget-container\">\n\t\t\t\t\t\t\t\t\t<p><span style=\"font-weight: 400;\">We serve clients and global markets by meeting their expectations and enhancing their skills and resources to minimize risks in dynamic and complex environments.\u00a0<\/span><\/p><p><span style=\"font-weight: 400;\">Our experience and operations include diverse scenarios, particularly Latin America, Africa, and Europe, where we have designed security activities, consulting, cooperation, and initiatives focused on peace and international development.<\/span><\/p><p><span style=\"font-weight: 400;\">We are at your service to provide a range of services in the areas of Comprehensive Security (public and private), Defense, Intelligence, and Cybersecurity. <strong><span style=\"color: #2d452c;\"><a style=\"color: #2d452c;\" href=\"https:\/\/aglossgroup.com\/index.php\/contactanos\/\">For more information, write to us here.<\/a><\/span><\/strong><\/span><\/p>\t\t\t\t\t\t\t\t<\/div>\n\t\t\t\t<\/div>\n\t\t\t\t\t<\/div>\n\t\t<\/div>\n\t\t\t\t<div class=\"elementor-column elementor-col-33 elementor-top-column elementor-element elementor-element-82d599e\" data-id=\"82d599e\" data-element_type=\"column\" data-e-type=\"column\">\n\t\t\t<div class=\"elementor-widget-wrap\">\n\t\t\t\t\t\t\t<\/div>\n\t\t<\/div>\n\t\t\t\t\t<\/div>\n\t\t<\/section>\n\t\t\t\t<\/div>","protected":false},"excerpt":{"rendered":"<p>NOSOTROS NUESTRA EXPERIENCIA Y ESPECIALIDAD Nuestra experiencia y especialidad se concentra en la resoluci\u00f3n de crisis y\u00a0 gesti\u00f3n de riesgos\u00a0 mediante la aplicaci\u00f3n de las \u00faltimas y m\u00e1s modernas t\u00e9cnicas de inteligencia y contrainteligencia, seguridad integral y\u00a0 procedimientos de protecci\u00f3n. Con desarrollo de estrategias ad hoc para pa\u00edses, empresas, la ciudadan\u00eda y otras instituciones, incluyendo [&hellip;]<\/p>\n","protected":false},"author":1,"featured_media":0,"parent":0,"menu_order":0,"comment_status":"closed","ping_status":"closed","template":"elementor_header_footer","meta":{"footnotes":""},"class_list":["post-52","page","type-page","status-publish","hentry"],"_links":{"self":[{"href":"https:\/\/aglossgroup.com\/en\/wp-json\/wp\/v2\/pages\/52","targetHints":{"allow":["GET"]}}],"collection":[{"href":"https:\/\/aglossgroup.com\/en\/wp-json\/wp\/v2\/pages"}],"about":[{"href":"https:\/\/aglossgroup.com\/en\/wp-json\/wp\/v2\/types\/page"}],"author":[{"embeddable":true,"href":"https:\/\/aglossgroup.com\/en\/wp-json\/wp\/v2\/users\/1"}],"replies":[{"embeddable":true,"href":"https:\/\/aglossgroup.com\/en\/wp-json\/wp\/v2\/comments?post=52"}],"version-history":[{"count":47,"href":"https:\/\/aglossgroup.com\/en\/wp-json\/wp\/v2\/pages\/52\/revisions"}],"predecessor-version":[{"id":1705,"href":"https:\/\/aglossgroup.com\/en\/wp-json\/wp\/v2\/pages\/52\/revisions\/1705"}],"wp:attachment":[{"href":"https:\/\/aglossgroup.com\/en\/wp-json\/wp\/v2\/media?parent=52"}],"curies":[{"name":"wp","href":"https:\/\/api.w.org\/{rel}","templated":true}]}}