{"id":595,"date":"2022-12-13T16:10:35","date_gmt":"2022-12-13T21:10:35","guid":{"rendered":"https:\/\/www.agloss.es\/?page_id=595"},"modified":"2023-05-10T11:07:39","modified_gmt":"2023-05-10T16:07:39","slug":"agreement-with-uemc","status":"publish","type":"page","link":"https:\/\/aglossgroup.com\/en\/us\/agreement-with-uemc\/","title":{"rendered":"UEMC Agreement"},"content":{"rendered":"<div data-elementor-type=\"wp-page\" data-elementor-id=\"595\" class=\"elementor elementor-595\" data-elementor-post-type=\"page\">\n\t\t\t\t\t\t<section class=\"elementor-section elementor-top-section elementor-element elementor-element-8ec5b69 elementor-section-full_width elementor-section-height-default elementor-section-height-default\" data-id=\"8ec5b69\" data-element_type=\"section\" data-e-type=\"section\">\n\t\t\t\t\t\t<div class=\"elementor-container elementor-column-gap-no\">\n\t\t\t\t\t<div class=\"elementor-column elementor-col-100 elementor-top-column elementor-element elementor-element-cd408d0\" data-id=\"cd408d0\" data-element_type=\"column\" data-e-type=\"column\">\n\t\t\t<div class=\"elementor-widget-wrap elementor-element-populated\">\n\t\t\t\t\t\t<div class=\"elementor-element elementor-element-e2de494 elementor--h-position-left elementor--v-position-middle elementor-arrows-position-inside elementor-pagination-position-inside elementor-widget elementor-widget-slides\" data-id=\"e2de494\" data-element_type=\"widget\" data-e-type=\"widget\" data-settings=\"{&quot;navigation&quot;:&quot;both&quot;,&quot;autoplay&quot;:&quot;yes&quot;,&quot;pause_on_hover&quot;:&quot;yes&quot;,&quot;pause_on_interaction&quot;:&quot;yes&quot;,&quot;autoplay_speed&quot;:5000,&quot;infinite&quot;:&quot;yes&quot;,&quot;transition&quot;:&quot;slide&quot;,&quot;transition_speed&quot;:500}\" data-widget_type=\"slides.default\">\n\t\t\t\t<div class=\"elementor-widget-container\">\n\t\t\t\t\t\t\t\t\t<div class=\"elementor-swiper\">\n\t\t\t\t\t<div class=\"elementor-slides-wrapper elementor-main-swiper swiper\" role=\"region\" aria-roledescription=\"carousel\" aria-label=\"Slides\" dir=\"ltr\" data-animation=\"fadeInUp\">\n\t\t\t\t<div class=\"swiper-wrapper elementor-slides\">\n\t\t\t\t\t\t\t\t\t\t<div class=\"elementor-repeater-item-1743f36 swiper-slide\" role=\"group\" aria-roledescription=\"slide\"><div class=\"swiper-slide-bg\" role=\"img\"><\/div><div class=\"elementor-background-overlay\"><\/div><div class=\"swiper-slide-inner\" ><div class=\"swiper-slide-contents\"><div class=\"elementor-slide-heading\">EXTERNAL INTERNSHIPS <\/div><div class=\"elementor-slide-description\">UEMC<\/div><\/div><\/div><\/div>\t\t\t\t<\/div>\n\t\t\t\t\t\t\t<\/div>\n\t\t\t\t<\/div>\n\t\t\t\t\t\t\t\t<\/div>\n\t\t\t\t<\/div>\n\t\t\t\t\t<\/div>\n\t\t<\/div>\n\t\t\t\t\t<\/div>\n\t\t<\/section>\n\t\t\t\t<section class=\"elementor-section elementor-top-section elementor-element elementor-element-f8b7606 elementor-section-full_width elementor-section-height-default elementor-section-height-default\" data-id=\"f8b7606\" data-element_type=\"section\" data-e-type=\"section\">\n\t\t\t\t\t\t<div class=\"elementor-container elementor-column-gap-default\">\n\t\t\t\t\t<div class=\"elementor-column elementor-col-33 elementor-top-column elementor-element elementor-element-9480feb\" data-id=\"9480feb\" data-element_type=\"column\" data-e-type=\"column\">\n\t\t\t<div class=\"elementor-widget-wrap\">\n\t\t\t\t\t\t\t<\/div>\n\t\t<\/div>\n\t\t\t\t<div class=\"elementor-column elementor-col-33 elementor-top-column elementor-element elementor-element-4f3f864\" data-id=\"4f3f864\" data-element_type=\"column\" data-e-type=\"column\">\n\t\t\t<div class=\"elementor-widget-wrap elementor-element-populated\">\n\t\t\t\t\t\t<div class=\"elementor-element elementor-element-bba63cc elementor-widget elementor-widget-text-editor\" data-id=\"bba63cc\" data-element_type=\"widget\" data-e-type=\"widget\" data-widget_type=\"text-editor.default\">\n\t\t\t\t<div class=\"elementor-widget-container\">\n\t\t\t\t\t\t\t\t\t<p><span style=\"color: #33473d;\"><strong><u>External academic internships<\/u><\/strong>:<\/span><\/p><p>With Royal Decree 592\/2014 of 11 July, which regulates university students' external academic internships, the agreement arises between<\/p><h5><span style=\"color: #33473d;\"><a style=\"color: #33473d;\" href=\"https:\/\/aglossgroup.com\/en\"><strong>A-GLOSS<\/strong><\/a> and the <a style=\"color: #33473d;\" href=\"http:\/\/www.uemc.es\">European Miguel de Cervantes University (UEMC)<\/a>\u00a0<\/span><\/h5><p>for undergraduate students.<\/p><p>These external internships aim to enable university students to refine, expand, and apply the knowledge acquired in their academic training. They will acquire competencies that prepare them for the performance of professional activities, as well as practical experience that is essential for entry into the labor market, while fostering entrepreneurial capacity.<\/p><p>Some important points to consider are listed below:<\/p><ol><li>Duration of the internships: as established in the Study Plan of the Degree program offered.<\/li><li>Internship schedule: will be arranged according to the collaborating organization\u2019s availability, ensuring compatibility with the student\u2019s academic activities.<\/li><li>Internship modality: online.<\/li><\/ol><p>The student will have a Supervisor from the collaborating organization, who will be an individual affiliated with that organization, possessing professional experience and the requisite knowledge to provide effective supervision.<\/p><p>The supervisor from the collaborating organization will provide the University academic tutor with a final evaluation report on the student regarding the generic and specific competencies acquired in the training project.<\/p><p><span style=\"color: #33473d;\"><strong>Subjects for which internships may be undertaken<\/strong>:<\/span><\/p><ul><li>Terrorism Analysis<\/li><li>Analysis of Violent Radicalization<\/li><li>Research on Organized Crime<\/li><li>Intelligence<\/li><li>Research on Security\/International Affairs<\/li><\/ul><p>Contact us via email <a href=\"mailto:practicas@agloss.es\"><strong><span style=\"color: #33473d;\">practicas@agloss.es<\/span><\/strong><\/a>\u00a0to request more information.<\/p>\t\t\t\t\t\t\t\t<\/div>\n\t\t\t\t<\/div>\n\t\t\t\t\t<\/div>\n\t\t<\/div>\n\t\t\t\t<div class=\"elementor-column elementor-col-33 elementor-top-column elementor-element elementor-element-6473b92\" data-id=\"6473b92\" data-element_type=\"column\" data-e-type=\"column\">\n\t\t\t<div class=\"elementor-widget-wrap\">\n\t\t\t\t\t\t\t<\/div>\n\t\t<\/div>\n\t\t\t\t\t<\/div>\n\t\t<\/section>\n\t\t\t\t<section class=\"elementor-section elementor-top-section elementor-element elementor-element-8c29584 elementor-section-full_width elementor-section-height-default elementor-section-height-default\" data-id=\"8c29584\" data-element_type=\"section\" data-e-type=\"section\">\n\t\t\t\t\t\t<div class=\"elementor-container elementor-column-gap-default\">\n\t\t\t\t\t<div class=\"elementor-column elementor-col-33 elementor-top-column elementor-element elementor-element-b50cc9b\" data-id=\"b50cc9b\" data-element_type=\"column\" data-e-type=\"column\">\n\t\t\t<div class=\"elementor-widget-wrap\">\n\t\t\t\t\t\t\t<\/div>\n\t\t<\/div>\n\t\t\t\t<div class=\"elementor-column elementor-col-33 elementor-top-column elementor-element elementor-element-ae1c292\" data-id=\"ae1c292\" data-element_type=\"column\" data-e-type=\"column\">\n\t\t\t<div class=\"elementor-widget-wrap elementor-element-populated\">\n\t\t\t\t\t\t<div class=\"elementor-element elementor-element-ea9fddb elementor-widget elementor-widget-image\" data-id=\"ea9fddb\" data-element_type=\"widget\" data-e-type=\"widget\" data-widget_type=\"image.default\">\n\t\t\t\t<div class=\"elementor-widget-container\">\n\t\t\t\t\t\t\t\t\t\t\t\t\t\t\t\t<a href=\"https:\/\/www.uemc.es\/\" target=\"_blank\">\n\t\t\t\t\t\t\t<img decoding=\"async\" width=\"320\" height=\"60\" src=\"https:\/\/aglossgroup.com\/wp-content\/uploads\/2022\/12\/logo-UEMC.png\" class=\"attachment-full size-full wp-image-599\" alt=\"\" srcset=\"https:\/\/aglossgroup.com\/wp-content\/uploads\/2022\/12\/logo-UEMC.png 320w, https:\/\/aglossgroup.com\/wp-content\/uploads\/2022\/12\/logo-UEMC-300x56.png 300w\" sizes=\"(max-width: 320px) 100vw, 320px\" \/>\t\t\t\t\t\t\t\t<\/a>\n\t\t\t\t\t\t\t\t\t\t\t\t\t\t\t<\/div>\n\t\t\t\t<\/div>\n\t\t\t\t\t<\/div>\n\t\t<\/div>\n\t\t\t\t<div class=\"elementor-column elementor-col-33 elementor-top-column elementor-element elementor-element-9e9da90\" data-id=\"9e9da90\" data-element_type=\"column\" data-e-type=\"column\">\n\t\t\t<div class=\"elementor-widget-wrap\">\n\t\t\t\t\t\t\t<\/div>\n\t\t<\/div>\n\t\t\t\t\t<\/div>\n\t\t<\/section>\n\t\t\t\t<\/div>","protected":false},"excerpt":{"rendered":"<p>PR\u00c1CTICAS EXTERNAS UEMC Pr\u00e1cticas acad\u00e9micas externas: Con el Real Decreto 592\/2014, de 11 de julio por el que se regulan las pr\u00e1cticas acad\u00e9micas externas de los estudiantes universitarios surge el acuerdo entre A-GLOSS y la Universidad Europea Miguel de Cervantes (UEMC)\u00a0 para los estudiantes de Grado. Estas pr\u00e1cticas externas tienen como objetivo facultar a los [&hellip;]<\/p>\n","protected":false},"author":1,"featured_media":0,"parent":52,"menu_order":0,"comment_status":"closed","ping_status":"closed","template":"elementor_header_footer","meta":{"footnotes":""},"class_list":["post-595","page","type-page","status-publish","hentry"],"_links":{"self":[{"href":"https:\/\/aglossgroup.com\/en\/wp-json\/wp\/v2\/pages\/595","targetHints":{"allow":["GET"]}}],"collection":[{"href":"https:\/\/aglossgroup.com\/en\/wp-json\/wp\/v2\/pages"}],"about":[{"href":"https:\/\/aglossgroup.com\/en\/wp-json\/wp\/v2\/types\/page"}],"author":[{"embeddable":true,"href":"https:\/\/aglossgroup.com\/en\/wp-json\/wp\/v2\/users\/1"}],"replies":[{"embeddable":true,"href":"https:\/\/aglossgroup.com\/en\/wp-json\/wp\/v2\/comments?post=595"}],"version-history":[{"count":19,"href":"https:\/\/aglossgroup.com\/en\/wp-json\/wp\/v2\/pages\/595\/revisions"}],"predecessor-version":[{"id":1104,"href":"https:\/\/aglossgroup.com\/en\/wp-json\/wp\/v2\/pages\/595\/revisions\/1104"}],"up":[{"embeddable":true,"href":"https:\/\/aglossgroup.com\/en\/wp-json\/wp\/v2\/pages\/52"}],"wp:attachment":[{"href":"https:\/\/aglossgroup.com\/en\/wp-json\/wp\/v2\/media?parent=595"}],"curies":[{"name":"wp","href":"https:\/\/api.w.org\/{rel}","templated":true}]}}