{"id":601,"date":"2022-12-13T16:26:59","date_gmt":"2022-12-13T21:26:59","guid":{"rendered":"https:\/\/www.agloss.es\/?page_id=601"},"modified":"2023-05-10T11:09:11","modified_gmt":"2023-05-10T16:09:11","slug":"oiscot-events","status":"publish","type":"page","link":"https:\/\/aglossgroup.com\/en\/us\/oiscot-events\/","title":{"rendered":"OISCOT Events"},"content":{"rendered":"<div data-elementor-type=\"wp-page\" data-elementor-id=\"601\" class=\"elementor elementor-601\" data-elementor-post-type=\"page\">\n\t\t\t\t\t\t<section class=\"elementor-section elementor-top-section elementor-element elementor-element-2ca618d elementor-section-boxed elementor-section-height-default elementor-section-height-default\" data-id=\"2ca618d\" data-element_type=\"section\" data-e-type=\"section\">\n\t\t\t\t\t\t<div class=\"elementor-container elementor-column-gap-default\">\n\t\t\t\t\t<div class=\"elementor-column elementor-col-100 elementor-top-column elementor-element elementor-element-95184dd\" data-id=\"95184dd\" data-element_type=\"column\" data-e-type=\"column\">\n\t\t\t<div class=\"elementor-widget-wrap elementor-element-populated\">\n\t\t\t\t\t\t<div class=\"elementor-element elementor-element-0426117 elementor-widget elementor-widget-spacer\" data-id=\"0426117\" data-element_type=\"widget\" data-e-type=\"widget\" data-widget_type=\"spacer.default\">\n\t\t\t\t<div class=\"elementor-widget-container\">\n\t\t\t\t\t\t\t<div class=\"elementor-spacer\">\n\t\t\t<div class=\"elementor-spacer-inner\"><\/div>\n\t\t<\/div>\n\t\t\t\t\t\t<\/div>\n\t\t\t\t<\/div>\n\t\t\t\t\t<\/div>\n\t\t<\/div>\n\t\t\t\t\t<\/div>\n\t\t<\/section>\n\t\t\t\t<section class=\"elementor-section elementor-top-section elementor-element elementor-element-77a78dc elementor-section-boxed elementor-section-height-default elementor-section-height-default\" data-id=\"77a78dc\" data-element_type=\"section\" data-e-type=\"section\">\n\t\t\t\t\t\t<div class=\"elementor-container elementor-column-gap-default\">\n\t\t\t\t\t<div class=\"elementor-column elementor-col-33 elementor-top-column elementor-element elementor-element-c02f0f6\" data-id=\"c02f0f6\" data-element_type=\"column\" data-e-type=\"column\">\n\t\t\t<div class=\"elementor-widget-wrap\">\n\t\t\t\t\t\t\t<\/div>\n\t\t<\/div>\n\t\t\t\t<div class=\"elementor-column elementor-col-33 elementor-top-column elementor-element elementor-element-d5425cc\" data-id=\"d5425cc\" data-element_type=\"column\" data-e-type=\"column\">\n\t\t\t<div class=\"elementor-widget-wrap elementor-element-populated\">\n\t\t\t\t\t\t<div class=\"elementor-element elementor-element-2e1f5eb elementor-widget elementor-widget-text-editor\" data-id=\"2e1f5eb\" data-element_type=\"widget\" data-e-type=\"widget\" data-widget_type=\"text-editor.default\">\n\t\t\t\t<div class=\"elementor-widget-container\">\n\t\t\t\t\t\t\t\t\t<p>Research Area Events\u00bbFreedom of opinion, assembly and organization is essential to democracy, because it does not imply any judgment by the State about moral or religious beliefs.\u00bb Alain Touraine (French professor and sociologist, 1925)Read More<\/p><p>Knowledge that is not shared contributes nothing.<\/p><p><strong style=\"font-weight: 400;\">In\u00a0<\/strong><span style=\"color: #33473d;\"><strong>A-Gloss<\/strong> (<strong>Agency of Global Security<\/strong>)<\/span> we keep this maxim in mind. To make this philosophy a reality we offer this space, which is not only open to our researchers but to any external contribution we receive.\u00a0<\/p><p>If you wish to submit your article, please complete the form provided. The A-Gloss editorial and review team will receive it, review it, and assess it for publication.\u00a0\u00a0<\/p><p>We will be pleased to enrich our \u00abtree of knowledge\u00bb with your contributions.<\/p><p>Access the details of UPCOMING EVENTS or the EVENTS ARCHIVE by clicking these two buttons:<\/p><p>\u00a0<\/p>\t\t\t\t\t\t\t\t<\/div>\n\t\t\t\t<\/div>\n\t\t\t\t<section class=\"elementor-section elementor-inner-section elementor-element elementor-element-5d9f750 elementor-section-boxed elementor-section-height-default elementor-section-height-default\" data-id=\"5d9f750\" data-element_type=\"section\" data-e-type=\"section\">\n\t\t\t\t\t\t<div class=\"elementor-container elementor-column-gap-default\">\n\t\t\t\t\t<div class=\"elementor-column elementor-col-50 elementor-inner-column elementor-element elementor-element-a66a5c4\" data-id=\"a66a5c4\" data-element_type=\"column\" data-e-type=\"column\">\n\t\t\t<div class=\"elementor-widget-wrap elementor-element-populated\">\n\t\t\t\t\t\t<div class=\"elementor-element elementor-element-9fdfd1e elementor-align-center elementor-widget elementor-widget-button\" data-id=\"9fdfd1e\" data-element_type=\"widget\" data-e-type=\"widget\" data-widget_type=\"button.default\">\n\t\t\t\t<div class=\"elementor-widget-container\">\n\t\t\t\t\t\t\t\t\t<div class=\"elementor-button-wrapper\">\n\t\t\t\t\t<a class=\"elementor-button elementor-button-link elementor-size-md elementor-animation-shrink\" href=\"#\">\n\t\t\t\t\t\t<span class=\"elementor-button-content-wrapper\">\n\t\t\t\t\t\t\t\t\t<span class=\"elementor-button-text\">Upcoming events<\/span>\n\t\t\t\t\t<\/span>\n\t\t\t\t\t<\/a>\n\t\t\t\t<\/div>\n\t\t\t\t\t\t\t\t<\/div>\n\t\t\t\t<\/div>\n\t\t\t\t\t<\/div>\n\t\t<\/div>\n\t\t\t\t<div class=\"elementor-column elementor-col-50 elementor-inner-column elementor-element elementor-element-c888c06\" data-id=\"c888c06\" data-element_type=\"column\" data-e-type=\"column\">\n\t\t\t<div class=\"elementor-widget-wrap elementor-element-populated\">\n\t\t\t\t\t\t<div class=\"elementor-element elementor-element-6aeeac7 elementor-align-center elementor-widget elementor-widget-button\" data-id=\"6aeeac7\" data-element_type=\"widget\" data-e-type=\"widget\" data-widget_type=\"button.default\">\n\t\t\t\t<div class=\"elementor-widget-container\">\n\t\t\t\t\t\t\t\t\t<div class=\"elementor-button-wrapper\">\n\t\t\t\t\t<a class=\"elementor-button elementor-button-link elementor-size-md elementor-animation-shrink\" href=\"#\">\n\t\t\t\t\t\t<span class=\"elementor-button-content-wrapper\">\n\t\t\t\t\t\t\t\t\t<span class=\"elementor-button-text\">Events archive<\/span>\n\t\t\t\t\t<\/span>\n\t\t\t\t\t<\/a>\n\t\t\t\t<\/div>\n\t\t\t\t\t\t\t\t<\/div>\n\t\t\t\t<\/div>\n\t\t\t\t\t<\/div>\n\t\t<\/div>\n\t\t\t\t\t<\/div>\n\t\t<\/section>\n\t\t\t\t<div class=\"elementor-element elementor-element-96c9cf2 elementor-widget elementor-widget-image\" data-id=\"96c9cf2\" data-element_type=\"widget\" data-e-type=\"widget\" data-widget_type=\"image.default\">\n\t\t\t\t<div class=\"elementor-widget-container\">\n\t\t\t\t\t\t\t\t\t\t\t\t\t\t\t<img fetchpriority=\"high\" decoding=\"async\" width=\"1050\" height=\"1021\" src=\"https:\/\/aglossgroup.com\/wp-content\/uploads\/2021\/09\/AGLOSS_FOOTER.png\" class=\"attachment-full size-full wp-image-260\" alt=\"\" srcset=\"https:\/\/aglossgroup.com\/wp-content\/uploads\/2021\/09\/AGLOSS_FOOTER.png 1050w, https:\/\/aglossgroup.com\/wp-content\/uploads\/2021\/09\/AGLOSS_FOOTER-300x292.png 300w, https:\/\/aglossgroup.com\/wp-content\/uploads\/2021\/09\/AGLOSS_FOOTER-1024x996.png 1024w, https:\/\/aglossgroup.com\/wp-content\/uploads\/2021\/09\/AGLOSS_FOOTER-768x747.png 768w\" sizes=\"(max-width: 1050px) 100vw, 1050px\" \/>\t\t\t\t\t\t\t\t\t\t\t\t\t\t\t<\/div>\n\t\t\t\t<\/div>\n\t\t\t\t\t<\/div>\n\t\t<\/div>\n\t\t\t\t<div class=\"elementor-column elementor-col-33 elementor-top-column elementor-element elementor-element-a4d9b56\" data-id=\"a4d9b56\" data-element_type=\"column\" data-e-type=\"column\">\n\t\t\t<div class=\"elementor-widget-wrap\">\n\t\t\t\t\t\t\t<\/div>\n\t\t<\/div>\n\t\t\t\t\t<\/div>\n\t\t<\/section>\n\t\t\t\t<\/div>","protected":false},"excerpt":{"rendered":"<p>Eventos del \u00c1rea de Investigaci\u00f3n\u00bbLa libertad de opini\u00f3n, de reuni\u00f3n y de organizaci\u00f3n es esencial a la democracia, porque no implica ning\u00fan juicio del Estado acerca de las creencias morales o religiosas.\u00bb Alain Touraine (Profesor y soci\u00f3logo franc\u00e9s, 1925)Ver M\u00e1s El conocimiento no compartido no aporta nada. En\u00a0A-Gloss (Agency of Global Security) tenemos presente esta [&hellip;]<\/p>\n","protected":false},"author":1,"featured_media":0,"parent":52,"menu_order":0,"comment_status":"closed","ping_status":"closed","template":"elementor_header_footer","meta":{"footnotes":""},"class_list":["post-601","page","type-page","status-publish","hentry"],"_links":{"self":[{"href":"https:\/\/aglossgroup.com\/en\/wp-json\/wp\/v2\/pages\/601","targetHints":{"allow":["GET"]}}],"collection":[{"href":"https:\/\/aglossgroup.com\/en\/wp-json\/wp\/v2\/pages"}],"about":[{"href":"https:\/\/aglossgroup.com\/en\/wp-json\/wp\/v2\/types\/page"}],"author":[{"embeddable":true,"href":"https:\/\/aglossgroup.com\/en\/wp-json\/wp\/v2\/users\/1"}],"replies":[{"embeddable":true,"href":"https:\/\/aglossgroup.com\/en\/wp-json\/wp\/v2\/comments?post=601"}],"version-history":[{"count":17,"href":"https:\/\/aglossgroup.com\/en\/wp-json\/wp\/v2\/pages\/601\/revisions"}],"predecessor-version":[{"id":1107,"href":"https:\/\/aglossgroup.com\/en\/wp-json\/wp\/v2\/pages\/601\/revisions\/1107"}],"up":[{"embeddable":true,"href":"https:\/\/aglossgroup.com\/en\/wp-json\/wp\/v2\/pages\/52"}],"wp:attachment":[{"href":"https:\/\/aglossgroup.com\/en\/wp-json\/wp\/v2\/media?parent=601"}],"curies":[{"name":"wp","href":"https:\/\/api.w.org\/{rel}","templated":true}]}}