{"id":604,"date":"2022-12-13T16:32:51","date_gmt":"2022-12-13T21:32:51","guid":{"rendered":"https:\/\/www.agloss.es\/?page_id=604"},"modified":"2023-05-10T11:10:00","modified_gmt":"2023-05-10T16:10:00","slug":"event-history","status":"publish","type":"page","link":"https:\/\/aglossgroup.com\/en\/us\/oiscot-events\/event-history\/","title":{"rendered":"Event history"},"content":{"rendered":"<div data-elementor-type=\"wp-page\" data-elementor-id=\"604\" class=\"elementor elementor-604\" data-elementor-post-type=\"page\">\n\t\t\t\t\t\t<section class=\"elementor-section elementor-top-section elementor-element elementor-element-46d1a40 elementor-section-full_width elementor-section-height-default elementor-section-height-default\" data-id=\"46d1a40\" data-element_type=\"section\" data-e-type=\"section\">\n\t\t\t\t\t\t<div class=\"elementor-container elementor-column-gap-no\">\n\t\t\t\t\t<div class=\"elementor-column elementor-col-100 elementor-top-column elementor-element elementor-element-ea576b2\" data-id=\"ea576b2\" data-element_type=\"column\" data-e-type=\"column\">\n\t\t\t<div class=\"elementor-widget-wrap elementor-element-populated\">\n\t\t\t\t\t\t<div class=\"elementor-element elementor-element-329c513 elementor--h-position-left elementor--v-position-middle elementor-arrows-position-inside elementor-pagination-position-inside elementor-widget elementor-widget-slides\" data-id=\"329c513\" data-element_type=\"widget\" data-e-type=\"widget\" data-settings=\"{&quot;navigation&quot;:&quot;both&quot;,&quot;autoplay&quot;:&quot;yes&quot;,&quot;pause_on_hover&quot;:&quot;yes&quot;,&quot;pause_on_interaction&quot;:&quot;yes&quot;,&quot;autoplay_speed&quot;:5000,&quot;infinite&quot;:&quot;yes&quot;,&quot;transition&quot;:&quot;slide&quot;,&quot;transition_speed&quot;:500}\" data-widget_type=\"slides.default\">\n\t\t\t\t<div class=\"elementor-widget-container\">\n\t\t\t\t\t\t\t\t\t<div class=\"elementor-swiper\">\n\t\t\t\t\t<div class=\"elementor-slides-wrapper elementor-main-swiper swiper\" role=\"region\" aria-roledescription=\"carousel\" aria-label=\"Slides\" dir=\"ltr\" data-animation=\"fadeInUp\">\n\t\t\t\t<div class=\"swiper-wrapper elementor-slides\">\n\t\t\t\t\t\t\t\t\t\t<div class=\"elementor-repeater-item-1743f36 swiper-slide\" role=\"group\" aria-roledescription=\"slide\"><div class=\"swiper-slide-bg\" role=\"img\"><\/div><div class=\"elementor-background-overlay\"><\/div><div class=\"swiper-slide-inner\" ><div class=\"swiper-slide-contents\"><div class=\"elementor-slide-heading\">EVENT HISTORY<\/div><\/div><\/div><\/div>\t\t\t\t<\/div>\n\t\t\t\t\t\t\t<\/div>\n\t\t\t\t<\/div>\n\t\t\t\t\t\t\t\t<\/div>\n\t\t\t\t<\/div>\n\t\t\t\t\t<\/div>\n\t\t<\/div>\n\t\t\t\t\t<\/div>\n\t\t<\/section>\n\t\t\t\t<section class=\"elementor-section elementor-top-section elementor-element elementor-element-f069707 elementor-section-full_width elementor-section-height-default elementor-section-height-default\" data-id=\"f069707\" data-element_type=\"section\" data-e-type=\"section\">\n\t\t\t\t\t\t<div class=\"elementor-container elementor-column-gap-default\">\n\t\t\t\t\t<div class=\"elementor-column elementor-col-33 elementor-top-column elementor-element elementor-element-6fcc2d7\" data-id=\"6fcc2d7\" data-element_type=\"column\" data-e-type=\"column\">\n\t\t\t<div class=\"elementor-widget-wrap\">\n\t\t\t\t\t\t\t<\/div>\n\t\t<\/div>\n\t\t\t\t<div class=\"elementor-column elementor-col-33 elementor-top-column elementor-element elementor-element-0f401f2\" data-id=\"0f401f2\" data-element_type=\"column\" data-e-type=\"column\">\n\t\t\t<div class=\"elementor-widget-wrap elementor-element-populated\">\n\t\t\t\t\t\t<div class=\"elementor-element elementor-element-5b3965e elementor-widget elementor-widget-heading\" data-id=\"5b3965e\" data-element_type=\"widget\" data-e-type=\"widget\" data-widget_type=\"heading.default\">\n\t\t\t\t<div class=\"elementor-widget-container\">\n\t\t\t\t\t<h2 class=\"elementor-heading-title elementor-size-default\">Local Police Station of Legan\u00e9s (Madrid) - 14 June 2022<\/h2>\t\t\t\t<\/div>\n\t\t\t\t<\/div>\n\t\t\t\t<div class=\"elementor-element elementor-element-0d26f8b elementor-widget elementor-widget-text-editor\" data-id=\"0d26f8b\" data-element_type=\"widget\" data-e-type=\"widget\" data-widget_type=\"text-editor.default\">\n\t\t\t\t<div class=\"elementor-widget-container\">\n\t\t\t\t\t\t\t\t\t<p>Book Presentation:<br \/>INTERNATIONAL TERRORISM. The paradigm in the mutation of the terrorist modus operandi<\/p>\t\t\t\t\t\t\t\t<\/div>\n\t\t\t\t<\/div>\n\t\t\t\t<div class=\"elementor-element elementor-element-a2bbdb8 elementor-widget elementor-widget-text-editor\" data-id=\"a2bbdb8\" data-element_type=\"widget\" data-e-type=\"widget\" data-widget_type=\"text-editor.default\">\n\t\t\t\t<div class=\"elementor-widget-container\">\n\t\t\t\t\t\t\t\t\t<p>Book details and description:<\/p><p>The threat of Islamist terrorism is, perhaps, the greatest threat the world has faced since the end of the Second World War. Islamists from the Islamic State, Al-Qaeda, or other affiliated groups focus on creating a caliphate based on the Unity of God and the principles of the Prophet by establishing Sharia (Islamic law), governed by the Qur'an, and the Sunna (the Prophet's sayings, oral transmission); in other words, they seek to implement concepts more closely aligned with the religious principles of Salafism (early Islam).<\/p><p>This book broadly and thoroughly analyzes the modus operandi of Islamist terrorist groups (Islamic State and Al-Qaeda), the concept and historical background between both groups and their differences. It also examines their behavior on social networks and how they carry out their media campaign and use manipulative communication through magazines such as Dabiq, Rumiyah, or similar publications, demonstrating how these propaganda outlets have been reflected in the commission of various attacks \u2014 a key aspect for understanding the versatility of terrorist knowledge transmission.<\/p><div class=\"et_pb_module et_pb_text et_pb_text_3_tb_body et_pb_text_align_left et_pb_bg_layout_light\"><div class=\"et_pb_text_inner\">ISBN: 9788417526498<\/div><\/div><div class=\"et_pb_module et_pb_text et_pb_text_4_tb_body et_pb_text_align_left et_pb_bg_layout_light\"><div class=\"et_pb_text_inner\">Year of publication: 2022<\/div><\/div><div class=\"et_pb_module et_pb_text et_pb_text_5_tb_body et_pb_text_align_left et_pb_bg_layout_light\"><div class=\"et_pb_text_inner\">Pages: 140<\/div><\/div><div class=\"et_pb_module et_pb_text et_pb_text_6_tb_body et_pb_text_align_left et_pb_bg_layout_light\"><div class=\"et_pb_text_inner\">Size: 17 x 24 cm<\/div><\/div><div class=\"et_pb_module et_pb_text et_pb_text_7_tb_body et_pb_text_align_left et_pb_bg_layout_light\"><div class=\"et_pb_text_inner\">Binding: Paperback<\/div><\/div><div class=\"et_pb_module et_pb_text et_pb_text_8_tb_body et_pb_text_align_left et_pb_bg_layout_light\"><div class=\"et_pb_text_inner\">Language: Spanish<\/div><\/div><div class=\"et_pb_text_inner\">\u00a0<\/div><div class=\"et_pb_module et_pb_text et_pb_text_8_tb_body et_pb_text_align_left et_pb_bg_layout_light\"><div class=\"et_pb_text_inner\"><strong><span style=\"color: #33473d;\"><a style=\"color: #33473d;\" href=\"https:\/\/deltapublicaciones.com\/tienda\/ciencias-juridicas-y-sociales-y-psicologia\/ciencias-politicas-y-sociologia\/sociologia\/terrorismo-internacional\/\"><span style=\"color: #738a74;\">https:\/\/deltapublicaciones.com\/tienda\/ciencias-juridicas-y-sociales-y-psicologia\/ciencias-politicas-y-sociologia\/sociologia\/terrorismo-internacional\/\u00a0<\/span><\/a><\/span><\/strong><\/div><\/div><div>\u00a0<\/div><div><p>On June 14, at the Local Police Station of Legan\u00e9s (Madrid), the book presentation took place:<\/p><p>\u00abInternational Terrorism. The paradigm in the mutation of the terrorist modus operandi\u00bb<\/p><p>Professor L\u00f3pez Melero, coauthor of the book, participated in this long\u2011awaited event, which was attended by friends and figures from the Police, Prison Service and the Islamic Commission.<\/p><\/div><div>\u00a0<\/div>\t\t\t\t\t\t\t\t<\/div>\n\t\t\t\t<\/div>\n\t\t\t\t<div class=\"elementor-element elementor-element-dc2df04 elementor-widget elementor-widget-gallery\" data-id=\"dc2df04\" data-element_type=\"widget\" data-e-type=\"widget\" data-settings=\"{&quot;gallery_layout&quot;:&quot;justified&quot;,&quot;lazyload&quot;:&quot;yes&quot;,&quot;ideal_row_height&quot;:{&quot;unit&quot;:&quot;px&quot;,&quot;size&quot;:200,&quot;sizes&quot;:[]},&quot;ideal_row_height_tablet&quot;:{&quot;unit&quot;:&quot;px&quot;,&quot;size&quot;:150,&quot;sizes&quot;:[]},&quot;ideal_row_height_mobile&quot;:{&quot;unit&quot;:&quot;px&quot;,&quot;size&quot;:150,&quot;sizes&quot;:[]},&quot;gap&quot;:{&quot;unit&quot;:&quot;px&quot;,&quot;size&quot;:10,&quot;sizes&quot;:[]},&quot;gap_tablet&quot;:{&quot;unit&quot;:&quot;px&quot;,&quot;size&quot;:10,&quot;sizes&quot;:[]},&quot;gap_mobile&quot;:{&quot;unit&quot;:&quot;px&quot;,&quot;size&quot;:10,&quot;sizes&quot;:[]},&quot;link_to&quot;:&quot;file&quot;,&quot;overlay_background&quot;:&quot;yes&quot;,&quot;content_hover_animation&quot;:&quot;fade-in&quot;}\" data-widget_type=\"gallery.default\">\n\t\t\t\t<div class=\"elementor-widget-container\">\n\t\t\t\t\t\t\t<div class=\"elementor-gallery__container\">\n\t\t\t\t\t\t\t<a class=\"e-gallery-item elementor-gallery-item elementor-animated-content\" href=\"https:\/\/aglossgroup.com\/wp-content\/uploads\/2022\/12\/HISTORICO2.jpg\" data-elementor-open-lightbox=\"yes\" data-elementor-lightbox-slideshow=\"dc2df04\" data-elementor-lightbox-title=\"HISTORICO2\" data-e-action-hash=\"#elementor-action%3Aaction%3Dlightbox%26settings%3DeyJpZCI6NjA4LCJ1cmwiOiJodHRwczpcL1wvYWdsb3NzZ3JvdXAuY29tXC93cC1jb250ZW50XC91cGxvYWRzXC8yMDIyXC8xMlwvSElTVE9SSUNPMi5qcGciLCJzbGlkZXNob3ciOiJkYzJkZjA0In0%3D\">\n\t\t\t\t\t<div class=\"e-gallery-image elementor-gallery-item__image\" data-thumbnail=\"https:\/\/aglossgroup.com\/wp-content\/uploads\/2022\/12\/HISTORICO2-213x300.jpg\" data-width=\"213\" data-height=\"300\" aria-label=\"\" role=\"img\" ><\/div>\n\t\t\t\t\t\t\t\t\t\t\t<div class=\"elementor-gallery-item__overlay\"><\/div>\n\t\t\t\t\t\t\t\t\t\t\t\t\t\t<\/a>\n\t\t\t\t\t\t\t<a class=\"e-gallery-item elementor-gallery-item elementor-animated-content\" href=\"https:\/\/aglossgroup.com\/wp-content\/uploads\/2022\/12\/HISTORICO4.jpg\" data-elementor-open-lightbox=\"yes\" data-elementor-lightbox-slideshow=\"dc2df04\" data-elementor-lightbox-title=\"HISTORICO4\" data-e-action-hash=\"#elementor-action%3Aaction%3Dlightbox%26settings%3DeyJpZCI6NjEwLCJ1cmwiOiJodHRwczpcL1wvYWdsb3NzZ3JvdXAuY29tXC93cC1jb250ZW50XC91cGxvYWRzXC8yMDIyXC8xMlwvSElTVE9SSUNPNC5qcGciLCJzbGlkZXNob3ciOiJkYzJkZjA0In0%3D\">\n\t\t\t\t\t<div class=\"e-gallery-image elementor-gallery-item__image\" data-thumbnail=\"https:\/\/aglossgroup.com\/wp-content\/uploads\/2022\/12\/HISTORICO4-300x225.jpg\" data-width=\"300\" data-height=\"225\" aria-label=\"\" role=\"img\" ><\/div>\n\t\t\t\t\t\t\t\t\t\t\t<div class=\"elementor-gallery-item__overlay\"><\/div>\n\t\t\t\t\t\t\t\t\t\t\t\t\t\t<\/a>\n\t\t\t\t\t\t\t<a class=\"e-gallery-item elementor-gallery-item elementor-animated-content\" href=\"https:\/\/aglossgroup.com\/wp-content\/uploads\/2022\/12\/HISTORICO3.jpg\" data-elementor-open-lightbox=\"yes\" data-elementor-lightbox-slideshow=\"dc2df04\" data-elementor-lightbox-title=\"HISTORICO3\" data-e-action-hash=\"#elementor-action%3Aaction%3Dlightbox%26settings%3DeyJpZCI6NjA5LCJ1cmwiOiJodHRwczpcL1wvYWdsb3NzZ3JvdXAuY29tXC93cC1jb250ZW50XC91cGxvYWRzXC8yMDIyXC8xMlwvSElTVE9SSUNPMy5qcGciLCJzbGlkZXNob3ciOiJkYzJkZjA0In0%3D\">\n\t\t\t\t\t<div class=\"e-gallery-image elementor-gallery-item__image\" data-thumbnail=\"https:\/\/aglossgroup.com\/wp-content\/uploads\/2022\/12\/HISTORICO3-300x225.jpg\" data-width=\"300\" data-height=\"225\" aria-label=\"\" role=\"img\" ><\/div>\n\t\t\t\t\t\t\t\t\t\t\t<div class=\"elementor-gallery-item__overlay\"><\/div>\n\t\t\t\t\t\t\t\t\t\t\t\t\t\t<\/a>\n\t\t\t\t\t\t\t<a class=\"e-gallery-item elementor-gallery-item elementor-animated-content\" href=\"https:\/\/aglossgroup.com\/wp-content\/uploads\/2022\/12\/HISTORICO1.jpg\" data-elementor-open-lightbox=\"yes\" data-elementor-lightbox-slideshow=\"dc2df04\" data-elementor-lightbox-title=\"HISTORICO1\" data-e-action-hash=\"#elementor-action%3Aaction%3Dlightbox%26settings%3DeyJpZCI6NjA3LCJ1cmwiOiJodHRwczpcL1wvYWdsb3NzZ3JvdXAuY29tXC93cC1jb250ZW50XC91cGxvYWRzXC8yMDIyXC8xMlwvSElTVE9SSUNPMS5qcGciLCJzbGlkZXNob3ciOiJkYzJkZjA0In0%3D\">\n\t\t\t\t\t<div class=\"e-gallery-image elementor-gallery-item__image\" data-thumbnail=\"https:\/\/aglossgroup.com\/wp-content\/uploads\/2022\/12\/HISTORICO1-300x138.jpg\" data-width=\"300\" data-height=\"138\" aria-label=\"\" role=\"img\" ><\/div>\n\t\t\t\t\t\t\t\t\t\t\t<div class=\"elementor-gallery-item__overlay\"><\/div>\n\t\t\t\t\t\t\t\t\t\t\t\t\t\t<\/a>\n\t\t\t\t\t<\/div>\n\t\t\t\t\t<\/div>\n\t\t\t\t<\/div>\n\t\t\t\t\t<\/div>\n\t\t<\/div>\n\t\t\t\t<div class=\"elementor-column elementor-col-33 elementor-top-column elementor-element elementor-element-0a46614\" data-id=\"0a46614\" data-element_type=\"column\" data-e-type=\"column\">\n\t\t\t<div class=\"elementor-widget-wrap\">\n\t\t\t\t\t\t\t<\/div>\n\t\t<\/div>\n\t\t\t\t\t<\/div>\n\t\t<\/section>\n\t\t\t\t<\/div>","protected":false},"excerpt":{"rendered":"<p>HIST\u00d3RICO DE EVENTOS Comisar\u00eda de Policia Local de Legan\u00e9s (Madrid) &#8211; 14 de junio 2022 Presentaci\u00f3n del Libro:TERRORISMO INTERNACIONAL. El paradigma en la mutaci\u00f3n del modus operandi terrorista Ficha y descripci\u00f3n del libro: La amenaza del terrorismo islamista es, quiz\u00e1, la mayor amenaza a la que se enfrenta el mundo desde el final de la [&hellip;]<\/p>\n","protected":false},"author":1,"featured_media":0,"parent":601,"menu_order":0,"comment_status":"closed","ping_status":"closed","template":"elementor_header_footer","meta":{"footnotes":""},"class_list":["post-604","page","type-page","status-publish","hentry"],"_links":{"self":[{"href":"https:\/\/aglossgroup.com\/en\/wp-json\/wp\/v2\/pages\/604","targetHints":{"allow":["GET"]}}],"collection":[{"href":"https:\/\/aglossgroup.com\/en\/wp-json\/wp\/v2\/pages"}],"about":[{"href":"https:\/\/aglossgroup.com\/en\/wp-json\/wp\/v2\/types\/page"}],"author":[{"embeddable":true,"href":"https:\/\/aglossgroup.com\/en\/wp-json\/wp\/v2\/users\/1"}],"replies":[{"embeddable":true,"href":"https:\/\/aglossgroup.com\/en\/wp-json\/wp\/v2\/comments?post=604"}],"version-history":[{"count":15,"href":"https:\/\/aglossgroup.com\/en\/wp-json\/wp\/v2\/pages\/604\/revisions"}],"predecessor-version":[{"id":1110,"href":"https:\/\/aglossgroup.com\/en\/wp-json\/wp\/v2\/pages\/604\/revisions\/1110"}],"up":[{"embeddable":true,"href":"https:\/\/aglossgroup.com\/en\/wp-json\/wp\/v2\/pages\/601"}],"wp:attachment":[{"href":"https:\/\/aglossgroup.com\/en\/wp-json\/wp\/v2\/media?parent=604"}],"curies":[{"name":"wp","href":"https:\/\/api.w.org\/{rel}","templated":true}]}}