{"id":621,"date":"2022-12-13T17:12:20","date_gmt":"2022-12-13T22:12:20","guid":{"rendered":"https:\/\/www.agloss.es\/?page_id=621"},"modified":"2023-05-10T11:19:11","modified_gmt":"2023-05-10T16:19:11","slug":"oiscot-blog","status":"publish","type":"page","link":"https:\/\/aglossgroup.com\/en\/oiscot-research\/oiscot-blog\/","title":{"rendered":"OISCOT Publications"},"content":{"rendered":"<div data-elementor-type=\"wp-page\" data-elementor-id=\"621\" class=\"elementor elementor-621\" data-elementor-post-type=\"page\">\n\t\t\t\t\t\t<section class=\"elementor-section elementor-top-section elementor-element elementor-element-954420b elementor-section-full_width elementor-section-height-default elementor-section-height-default\" data-id=\"954420b\" data-element_type=\"section\" data-e-type=\"section\">\n\t\t\t\t\t\t<div class=\"elementor-container elementor-column-gap-no\">\n\t\t\t\t\t<div class=\"elementor-column elementor-col-100 elementor-top-column elementor-element elementor-element-1443a92\" data-id=\"1443a92\" data-element_type=\"column\" data-e-type=\"column\">\n\t\t\t<div class=\"elementor-widget-wrap elementor-element-populated\">\n\t\t\t\t\t\t<div class=\"elementor-element elementor-element-45a2fb8 elementor--h-position-left elementor--v-position-middle elementor-arrows-position-inside elementor-pagination-position-inside elementor-widget elementor-widget-slides\" data-id=\"45a2fb8\" data-element_type=\"widget\" data-e-type=\"widget\" data-settings=\"{&quot;navigation&quot;:&quot;both&quot;,&quot;autoplay&quot;:&quot;yes&quot;,&quot;pause_on_hover&quot;:&quot;yes&quot;,&quot;pause_on_interaction&quot;:&quot;yes&quot;,&quot;autoplay_speed&quot;:5000,&quot;infinite&quot;:&quot;yes&quot;,&quot;transition&quot;:&quot;slide&quot;,&quot;transition_speed&quot;:500}\" data-widget_type=\"slides.default\">\n\t\t\t\t<div class=\"elementor-widget-container\">\n\t\t\t\t\t\t\t\t\t<div class=\"elementor-swiper\">\n\t\t\t\t\t<div class=\"elementor-slides-wrapper elementor-main-swiper swiper\" role=\"region\" aria-roledescription=\"carousel\" aria-label=\"Slides\" dir=\"ltr\" data-animation=\"fadeInUp\">\n\t\t\t\t<div class=\"swiper-wrapper elementor-slides\">\n\t\t\t\t\t\t\t\t\t\t<div class=\"elementor-repeater-item-1743f36 swiper-slide\" role=\"group\" aria-roledescription=\"slide\"><div class=\"swiper-slide-bg\" role=\"img\"><\/div><div class=\"swiper-slide-inner\" ><div class=\"swiper-slide-contents\"><div class=\"elementor-slide-heading\">Publications from the Research Area<\/div><div class=\"elementor-slide-description\">\u201cTo research is to see what everyone else has seen, and to think what no one else has thought.\u201d Albert Szent-Gy\u00f6rgyi (Hungarian physician and biochemist. 1893\u20131986) Nobel Prize in Medicine. Isolated ascorbic acid (vitamin C)<\/div><\/div><\/div><\/div>\t\t\t\t<\/div>\n\t\t\t\t\t\t\t<\/div>\n\t\t\t\t<\/div>\n\t\t\t\t\t\t\t\t<\/div>\n\t\t\t\t<\/div>\n\t\t\t\t\t<\/div>\n\t\t<\/div>\n\t\t\t\t\t<\/div>\n\t\t<\/section>\n\t\t\t\t<section class=\"elementor-section elementor-top-section elementor-element elementor-element-019c73a elementor-section-full_width elementor-section-height-default elementor-section-height-default\" data-id=\"019c73a\" data-element_type=\"section\" data-e-type=\"section\">\n\t\t\t\t\t\t<div class=\"elementor-container elementor-column-gap-default\">\n\t\t\t\t\t<div class=\"elementor-column elementor-col-33 elementor-top-column elementor-element elementor-element-d0a0ca9\" data-id=\"d0a0ca9\" data-element_type=\"column\" data-e-type=\"column\">\n\t\t\t<div class=\"elementor-widget-wrap\">\n\t\t\t\t\t\t\t<\/div>\n\t\t<\/div>\n\t\t\t\t<div class=\"elementor-column elementor-col-33 elementor-top-column elementor-element elementor-element-b0a086c\" data-id=\"b0a086c\" data-element_type=\"column\" data-e-type=\"column\">\n\t\t\t<div class=\"elementor-widget-wrap elementor-element-populated\">\n\t\t\t\t\t\t<div class=\"elementor-element elementor-element-3226baa elementor-widget elementor-widget-text-editor\" data-id=\"3226baa\" data-element_type=\"widget\" data-e-type=\"widget\" data-widget_type=\"text-editor.default\">\n\t\t\t\t<div class=\"elementor-widget-container\">\n\t\t\t\t\t\t\t\t\t<p>In<strong>\u00a0A-Gloss<\/strong>\u00a0(<strong>Agency of Global Security<\/strong>) we have a team of people with extensive experience, characterized by excellence in their professional field and with a large collection of works in various formats:<\/p><ul><li><strong>Speakers at scientific conferences<\/strong><\/li><li><strong>University lecturers<\/strong><\/li><li><strong>Authors of scientific articles<\/strong><\/li><li><strong>Books\u00a0<\/strong><\/li><li><strong>Participation as experts in media outlets (press, radio, television, social media platforms\u2026)<\/strong><\/li><\/ul>\t\t\t\t\t\t\t\t<\/div>\n\t\t\t\t<\/div>\n\t\t\t\t\t<\/div>\n\t\t<\/div>\n\t\t\t\t<div class=\"elementor-column elementor-col-33 elementor-top-column elementor-element elementor-element-6363f1c\" data-id=\"6363f1c\" data-element_type=\"column\" data-e-type=\"column\">\n\t\t\t<div class=\"elementor-widget-wrap\">\n\t\t\t\t\t\t\t<\/div>\n\t\t<\/div>\n\t\t\t\t\t<\/div>\n\t\t<\/section>\n\t\t\t\t<section class=\"elementor-section elementor-top-section elementor-element elementor-element-12b826e elementor-section-full_width elementor-section-height-default elementor-section-height-default\" data-id=\"12b826e\" data-element_type=\"section\" data-e-type=\"section\">\n\t\t\t\t\t\t<div class=\"elementor-container elementor-column-gap-default\">\n\t\t\t\t\t<div class=\"elementor-column elementor-col-33 elementor-top-column elementor-element elementor-element-a4e7316\" data-id=\"a4e7316\" data-element_type=\"column\" data-e-type=\"column\">\n\t\t\t<div class=\"elementor-widget-wrap\">\n\t\t\t\t\t\t\t<\/div>\n\t\t<\/div>\n\t\t\t\t<div class=\"elementor-column elementor-col-33 elementor-top-column elementor-element elementor-element-f44af08\" data-id=\"f44af08\" data-element_type=\"column\" data-e-type=\"column\">\n\t\t\t<div class=\"elementor-widget-wrap elementor-element-populated\">\n\t\t\t\t\t\t<div class=\"elementor-element elementor-element-1fc9d87 elementor-widget elementor-widget-text-editor\" data-id=\"1fc9d87\" data-element_type=\"widget\" data-e-type=\"widget\" data-widget_type=\"text-editor.default\">\n\t\t\t\t<div class=\"elementor-widget-container\">\n\t\t\t\t\t\t\t\t\t<p><b>Books<\/b><\/p>\t\t\t\t\t\t\t\t<\/div>\n\t\t\t\t<\/div>\n\t\t\t\t<div class=\"elementor-element elementor-element-8e94c0e elementor-widget elementor-widget-gallery\" data-id=\"8e94c0e\" data-element_type=\"widget\" data-e-type=\"widget\" data-settings=\"{&quot;gallery_layout&quot;:&quot;masonry&quot;,&quot;lazyload&quot;:&quot;yes&quot;,&quot;columns&quot;:4,&quot;columns_tablet&quot;:2,&quot;columns_mobile&quot;:1,&quot;gap&quot;:{&quot;unit&quot;:&quot;px&quot;,&quot;size&quot;:10,&quot;sizes&quot;:[]},&quot;gap_tablet&quot;:{&quot;unit&quot;:&quot;px&quot;,&quot;size&quot;:10,&quot;sizes&quot;:[]},&quot;gap_mobile&quot;:{&quot;unit&quot;:&quot;px&quot;,&quot;size&quot;:10,&quot;sizes&quot;:[]},&quot;link_to&quot;:&quot;file&quot;,&quot;overlay_background&quot;:&quot;yes&quot;,&quot;content_hover_animation&quot;:&quot;fade-in&quot;}\" data-widget_type=\"gallery.default\">\n\t\t\t\t<div class=\"elementor-widget-container\">\n\t\t\t\t\t\t\t<div class=\"elementor-gallery__container\">\n\t\t\t\t\t\t\t<a class=\"e-gallery-item elementor-gallery-item elementor-animated-content\" href=\"https:\/\/aglossgroup.com\/wp-content\/uploads\/2022\/12\/publicacion.jpg\" data-elementor-open-lightbox=\"yes\" data-elementor-lightbox-slideshow=\"8e94c0e\" data-elementor-lightbox-title=\"publicacion\" data-e-action-hash=\"#elementor-action%3Aaction%3Dlightbox%26settings%3DeyJpZCI6NjE5LCJ1cmwiOiJodHRwczpcL1wvYWdsb3NzZ3JvdXAuY29tXC93cC1jb250ZW50XC91cGxvYWRzXC8yMDIyXC8xMlwvcHVibGljYWNpb24uanBnIiwic2xpZGVzaG93IjoiOGU5NGMwZSJ9\">\n\t\t\t\t\t<div class=\"e-gallery-image elementor-gallery-item__image\" data-thumbnail=\"https:\/\/aglossgroup.com\/wp-content\/uploads\/2022\/12\/publicacion-216x300.jpg\" data-width=\"216\" data-height=\"300\" aria-label=\"\" role=\"img\" ><\/div>\n\t\t\t\t\t\t\t\t\t\t\t<div class=\"elementor-gallery-item__overlay\"><\/div>\n\t\t\t\t\t\t\t\t\t\t\t\t\t\t<\/a>\n\t\t\t\t\t\t\t<a class=\"e-gallery-item elementor-gallery-item elementor-animated-content\" href=\"https:\/\/aglossgroup.com\/wp-content\/uploads\/2022\/12\/TERRORISMO-INTERNACIONAL.jpg\" data-elementor-open-lightbox=\"yes\" data-elementor-lightbox-slideshow=\"8e94c0e\" data-elementor-lightbox-title=\"TERRORISMO-INTERNACIONAL\" data-e-action-hash=\"#elementor-action%3Aaction%3Dlightbox%26settings%3DeyJpZCI6NjE4LCJ1cmwiOiJodHRwczpcL1wvYWdsb3NzZ3JvdXAuY29tXC93cC1jb250ZW50XC91cGxvYWRzXC8yMDIyXC8xMlwvVEVSUk9SSVNNTy1JTlRFUk5BQ0lPTkFMLmpwZyIsInNsaWRlc2hvdyI6IjhlOTRjMGUifQ%3D%3D\">\n\t\t\t\t\t<div class=\"e-gallery-image elementor-gallery-item__image\" data-thumbnail=\"https:\/\/aglossgroup.com\/wp-content\/uploads\/2022\/12\/TERRORISMO-INTERNACIONAL-213x300.jpg\" data-width=\"213\" data-height=\"300\" aria-label=\"\" role=\"img\" ><\/div>\n\t\t\t\t\t\t\t\t\t\t\t<div class=\"elementor-gallery-item__overlay\"><\/div>\n\t\t\t\t\t\t\t\t\t\t\t\t\t\t<\/a>\n\t\t\t\t\t<\/div>\n\t\t\t\t\t<\/div>\n\t\t\t\t<\/div>\n\t\t\t\t<div class=\"elementor-element elementor-element-570a7f1 elementor-widget elementor-widget-text-editor\" data-id=\"570a7f1\" data-element_type=\"widget\" data-e-type=\"widget\" data-widget_type=\"text-editor.default\">\n\t\t\t\t<div class=\"elementor-widget-container\">\n\t\t\t\t\t\t\t\t\t<ul><li style=\"list-style-type: none;\"><div class=\"elementor-element elementor-element-734fbdd elementor-widget elementor-widget-text-editor\" data-id=\"734fbdd\" data-element_type=\"widget\" data-widget_type=\"text-editor.default\"><div class=\"elementor-widget-container\"><div class=\"elementor-text-editor elementor-clearfix\"><p><span style=\"color: #000000;\">To purchase the book, click on the following title:<\/span><\/p><\/div><\/div><\/div><div class=\"elementor-element elementor-element-17b6acd elementor-widget elementor-widget-text-editor\" data-id=\"17b6acd\" data-element_type=\"widget\" data-widget_type=\"text-editor.default\"><div class=\"elementor-widget-container\"><div class=\"elementor-text-editor elementor-clearfix\"><ul><li><h5><span style=\"color: #738a74;\"><strong><a style=\"color: #738a74;\" href=\"https:\/\/www.casadellibro.com\/libro-los-derechos-fundamentales-de-los-reclusos\/9788415276449\/2693445\" target=\"_blank\" rel=\"noopener\">Book \u00abThe Fundamental Rights of Prisoners\u00bb,\u00a0<\/a><a style=\"color: #738a74;\" href=\"https:\/\/www.casadellibro.com\/libro-los-derechos-fundamentales-de-los-reclusos\/9788415276449\/2693445\">Edisofer Publishing, 2015<\/a><\/strong><\/span><\/h5><\/li><li><h5><span style=\"color: #738a74;\"><strong><a style=\"color: #738a74;\" href=\"https:\/\/deltapublicaciones.com\/tienda\/ciencias-juridicas-y-sociales-y-psicologia\/ciencias-politicas-y-sociologia\/sociologia\/terrorismo-internacional\/\" target=\"_blank\" rel=\"noopener\">Book \u00abInternational Terrorism. The paradigm in the mutation of the terrorist modus operandi\u00bb, Delta Publicaciones, 2022<\/a><\/strong><\/span><\/h5><\/li><\/ul><\/div><\/div><\/div><\/li><\/ul>\t\t\t\t\t\t\t\t<\/div>\n\t\t\t\t<\/div>\n\t\t\t\t\t<\/div>\n\t\t<\/div>\n\t\t\t\t<div class=\"elementor-column elementor-col-33 elementor-top-column elementor-element elementor-element-707aabc\" data-id=\"707aabc\" data-element_type=\"column\" data-e-type=\"column\">\n\t\t\t<div class=\"elementor-widget-wrap\">\n\t\t\t\t\t\t\t<\/div>\n\t\t<\/div>\n\t\t\t\t\t<\/div>\n\t\t<\/section>\n\t\t\t\t<\/div>","protected":false},"excerpt":{"rendered":"<p>Publicaciones del \u00c1rea de Investigaci\u00f3n\u201cInvestigar es ver lo que todo el mundo ha visto, y pensar lo que nadie m\u00e1s ha pensado\u201d. Albert Szent-Gy\u00f6rgyi (M\u00e9dico y bioqu\u00edmico h\u00fangaro. 1893-1986) N\u00f3bel de Medicina. Aisl\u00f3 el \u00e1cido asc\u00f3rbico (vitamina C) En\u00a0A-Gloss\u00a0(Agency of Global Security) contamos con un equipo de personas con una experiencia dilatada, que les caracteriza [&hellip;]<\/p>\n","protected":false},"author":1,"featured_media":0,"parent":613,"menu_order":0,"comment_status":"closed","ping_status":"closed","template":"elementor_header_footer","meta":{"footnotes":""},"class_list":["post-621","page","type-page","status-publish","hentry"],"_links":{"self":[{"href":"https:\/\/aglossgroup.com\/en\/wp-json\/wp\/v2\/pages\/621","targetHints":{"allow":["GET"]}}],"collection":[{"href":"https:\/\/aglossgroup.com\/en\/wp-json\/wp\/v2\/pages"}],"about":[{"href":"https:\/\/aglossgroup.com\/en\/wp-json\/wp\/v2\/types\/page"}],"author":[{"embeddable":true,"href":"https:\/\/aglossgroup.com\/en\/wp-json\/wp\/v2\/users\/1"}],"replies":[{"embeddable":true,"href":"https:\/\/aglossgroup.com\/en\/wp-json\/wp\/v2\/comments?post=621"}],"version-history":[{"count":17,"href":"https:\/\/aglossgroup.com\/en\/wp-json\/wp\/v2\/pages\/621\/revisions"}],"predecessor-version":[{"id":1123,"href":"https:\/\/aglossgroup.com\/en\/wp-json\/wp\/v2\/pages\/621\/revisions\/1123"}],"up":[{"embeddable":true,"href":"https:\/\/aglossgroup.com\/en\/wp-json\/wp\/v2\/pages\/613"}],"wp:attachment":[{"href":"https:\/\/aglossgroup.com\/en\/wp-json\/wp\/v2\/media?parent=621"}],"curies":[{"name":"wp","href":"https:\/\/api.w.org\/{rel}","templated":true}]}}